{"id":536,"date":"2023-04-13T13:46:27","date_gmt":"2023-04-13T13:46:27","guid":{"rendered":"http:\/\/jkboz.sk\/partnerships-cooperation\/"},"modified":"2023-05-29T11:41:58","modified_gmt":"2023-05-29T11:41:58","slug":"partnerships-cooperation","status":"publish","type":"page","link":"https:\/\/jkboz.sk\/en\/partnerships-cooperation\/","title":{"rendered":"Partnerships, Cooperation"},"content":{"rendered":"\n<div class=\"wp-block-media-text alignwide has-media-on-the-right is-stacked-on-mobile\"><div class=\"wp-block-media-text__content\">\n<p><strong>Personal protective equipment for work<\/strong><\/p>\n<\/div><figure class=\"wp-block-media-text__media\"><img loading=\"lazy\" decoding=\"async\" width=\"1024\" height=\"967\" src=\"http:\/\/jkboz.sk\/wp-content\/uploads\/2023\/05\/KUBLER_GASTON_MILLE_LOGO-2-1024x967.png\" alt=\"\" class=\"wp-image-829 size-full\" srcset=\"https:\/\/jkboz.sk\/wp-content\/uploads\/2023\/05\/KUBLER_GASTON_MILLE_LOGO-2-1024x967.png 1024w, https:\/\/jkboz.sk\/wp-content\/uploads\/2023\/05\/KUBLER_GASTON_MILLE_LOGO-2-300x283.png 300w, https:\/\/jkboz.sk\/wp-content\/uploads\/2023\/05\/KUBLER_GASTON_MILLE_LOGO-2-768x726.png 768w, https:\/\/jkboz.sk\/wp-content\/uploads\/2023\/05\/KUBLER_GASTON_MILLE_LOGO-2.png 1193w\" sizes=\"auto, (max-width: 1024px) 100vw, 1024px\" \/><\/figure><\/div>\n\n\n\n<div class=\"wp-block-media-text alignwide has-media-on-the-right is-stacked-on-mobile\"><div class=\"wp-block-media-text__content\">\n<p><strong>Fire-technical equipment<\/strong><\/p>\n<\/div><figure class=\"wp-block-media-text__media\"><img loading=\"lazy\" decoding=\"async\" width=\"1024\" height=\"569\" src=\"http:\/\/jkboz.sk\/wp-content\/uploads\/2023\/05\/MOBIAK_PYROBATYS_GU_ASSA_ABLOY_ADOR_LOGO-1024x569.png\" alt=\"\" class=\"wp-image-759 size-full\" srcset=\"https:\/\/jkboz.sk\/wp-content\/uploads\/2023\/05\/MOBIAK_PYROBATYS_GU_ASSA_ABLOY_ADOR_LOGO-1024x569.png 1024w, https:\/\/jkboz.sk\/wp-content\/uploads\/2023\/05\/MOBIAK_PYROBATYS_GU_ASSA_ABLOY_ADOR_LOGO-300x167.png 300w, https:\/\/jkboz.sk\/wp-content\/uploads\/2023\/05\/MOBIAK_PYROBATYS_GU_ASSA_ABLOY_ADOR_LOGO-768x427.png 768w, https:\/\/jkboz.sk\/wp-content\/uploads\/2023\/05\/MOBIAK_PYROBATYS_GU_ASSA_ABLOY_ADOR_LOGO-1536x853.png 1536w, https:\/\/jkboz.sk\/wp-content\/uploads\/2023\/05\/MOBIAK_PYROBATYS_GU_ASSA_ABLOY_ADOR_LOGO.png 1575w\" sizes=\"auto, (max-width: 1024px) 100vw, 1024px\" \/><\/figure><\/div>\n\n\n\n<div class=\"wp-block-media-text alignwide has-media-on-the-right is-stacked-on-mobile\"><div class=\"wp-block-media-text__content\">\n<p><strong>Electric fire alarm and Voice fire alarm<\/strong><\/p>\n<\/div><figure class=\"wp-block-media-text__media\"><img loading=\"lazy\" decoding=\"async\" width=\"1024\" height=\"839\" src=\"http:\/\/jkboz.sk\/wp-content\/uploads\/2023\/05\/Esser-Logo-1-1024x839.png\" alt=\"\" class=\"wp-image-811 size-full\" srcset=\"https:\/\/jkboz.sk\/wp-content\/uploads\/2023\/05\/Esser-Logo-1-1024x839.png 1024w, https:\/\/jkboz.sk\/wp-content\/uploads\/2023\/05\/Esser-Logo-1-300x246.png 300w, https:\/\/jkboz.sk\/wp-content\/uploads\/2023\/05\/Esser-Logo-1-768x630.png 768w, https:\/\/jkboz.sk\/wp-content\/uploads\/2023\/05\/Esser-Logo-1.png 1215w\" sizes=\"auto, (max-width: 1024px) 100vw, 1024px\" \/><\/figure><\/div>\n\n\n\n<div class=\"wp-block-media-text alignwide has-media-on-the-right is-stacked-on-mobile\" style=\"grid-template-columns:auto 44%\"><div class=\"wp-block-media-text__content\">\n<p><\/p>\n<\/div><figure class=\"wp-block-media-text__media\"><img loading=\"lazy\" decoding=\"async\" width=\"614\" height=\"120\" src=\"http:\/\/jkboz.sk\/wp-content\/uploads\/2023\/05\/INNOTECH-Logo_RGB-07_So-sichern-Sie-Leben.png\" alt=\"\" class=\"wp-image-814 size-full\" srcset=\"https:\/\/jkboz.sk\/wp-content\/uploads\/2023\/05\/INNOTECH-Logo_RGB-07_So-sichern-Sie-Leben.png 614w, https:\/\/jkboz.sk\/wp-content\/uploads\/2023\/05\/INNOTECH-Logo_RGB-07_So-sichern-Sie-Leben-300x59.png 300w\" sizes=\"auto, (max-width: 614px) 100vw, 614px\" \/><\/figure><\/div>\n","protected":false},"excerpt":{"rendered":"<p>Personal protective equipment for work Fire-technical equipment Electric fire alarm and Voice fire alarm<\/p>\n","protected":false},"author":1,"featured_media":0,"parent":0,"menu_order":0,"comment_status":"closed","ping_status":"closed","template":"","meta":{"_acf_changed":false,"inline_featured_image":false,"footnotes":""},"class_list":["post-536","page","type-page","status-publish","hentry"],"acf":[],"yoast_head":"<!-- This site is optimized with the Yoast SEO plugin v26.4 - https:\/\/yoast.com\/wordpress\/plugins\/seo\/ -->\n<title>Partnerships, Cooperation - JKBOZ<\/title>\n<meta name=\"robots\" content=\"index, follow, max-snippet:-1, max-image-preview:large, max-video-preview:-1\" \/>\n<link rel=\"canonical\" href=\"https:\/\/jkboz.sk\/en\/partnerships-cooperation\/\" \/>\n<meta property=\"og:locale\" content=\"en_US\" \/>\n<meta property=\"og:type\" content=\"article\" \/>\n<meta property=\"og:title\" content=\"Partnerships, Cooperation - JKBOZ\" \/>\n<meta property=\"og:description\" content=\"Personal protective equipment for work Fire-technical equipment Electric fire alarm and Voice fire alarm\" \/>\n<meta property=\"og:url\" content=\"https:\/\/jkboz.sk\/en\/partnerships-cooperation\/\" \/>\n<meta property=\"og:site_name\" content=\"JKBOZ\" \/>\n<meta property=\"article:modified_time\" content=\"2023-05-29T11:41:58+00:00\" \/>\n<meta property=\"og:image\" content=\"https:\/\/jkboz.sk\/wp-content\/uploads\/2023\/05\/KUBLER_GASTON_MILLE_LOGO-2.png\" \/>\n\t<meta property=\"og:image:width\" content=\"1193\" \/>\n\t<meta property=\"og:image:height\" content=\"1127\" \/>\n\t<meta property=\"og:image:type\" content=\"image\/png\" \/>\n<meta name=\"twitter:card\" content=\"summary_large_image\" \/>\n<script type=\"application\/ld+json\" class=\"yoast-schema-graph\">{\"@context\":\"https:\/\/schema.org\",\"@graph\":[{\"@type\":\"WebPage\",\"@id\":\"https:\/\/jkboz.sk\/en\/partnerships-cooperation\/\",\"url\":\"https:\/\/jkboz.sk\/en\/partnerships-cooperation\/\",\"name\":\"Partnerships, Cooperation - JKBOZ\",\"isPartOf\":{\"@id\":\"https:\/\/jkboz.sk\/en\/#website\"},\"primaryImageOfPage\":{\"@id\":\"https:\/\/jkboz.sk\/en\/partnerships-cooperation\/#primaryimage\"},\"image\":{\"@id\":\"https:\/\/jkboz.sk\/en\/partnerships-cooperation\/#primaryimage\"},\"thumbnailUrl\":\"http:\/\/jkboz.sk\/wp-content\/uploads\/2023\/05\/KUBLER_GASTON_MILLE_LOGO-2-1024x967.png\",\"datePublished\":\"2023-04-13T13:46:27+00:00\",\"dateModified\":\"2023-05-29T11:41:58+00:00\",\"breadcrumb\":{\"@id\":\"https:\/\/jkboz.sk\/en\/partnerships-cooperation\/#breadcrumb\"},\"inLanguage\":\"en-US\",\"potentialAction\":[{\"@type\":\"ReadAction\",\"target\":[\"https:\/\/jkboz.sk\/en\/partnerships-cooperation\/\"]}]},{\"@type\":\"ImageObject\",\"inLanguage\":\"en-US\",\"@id\":\"https:\/\/jkboz.sk\/en\/partnerships-cooperation\/#primaryimage\",\"url\":\"http:\/\/jkboz.sk\/wp-content\/uploads\/2023\/05\/KUBLER_GASTON_MILLE_LOGO-2-1024x967.png\",\"contentUrl\":\"http:\/\/jkboz.sk\/wp-content\/uploads\/2023\/05\/KUBLER_GASTON_MILLE_LOGO-2-1024x967.png\"},{\"@type\":\"BreadcrumbList\",\"@id\":\"https:\/\/jkboz.sk\/en\/partnerships-cooperation\/#breadcrumb\",\"itemListElement\":[{\"@type\":\"ListItem\",\"position\":1,\"name\":\"Domovsk\u00e1 str\u00e1nka\",\"item\":\"https:\/\/jkboz.sk\/en\/\"},{\"@type\":\"ListItem\",\"position\":2,\"name\":\"Partnerships, Cooperation\"}]},{\"@type\":\"WebSite\",\"@id\":\"https:\/\/jkboz.sk\/en\/#website\",\"url\":\"https:\/\/jkboz.sk\/en\/\",\"name\":\"JKBOZ\",\"description\":\"Rob\u00edme v\u0161etko pre Va\u0161u bezpe\u010dnos\u0165\",\"potentialAction\":[{\"@type\":\"SearchAction\",\"target\":{\"@type\":\"EntryPoint\",\"urlTemplate\":\"https:\/\/jkboz.sk\/en\/?s={search_term_string}\"},\"query-input\":{\"@type\":\"PropertyValueSpecification\",\"valueRequired\":true,\"valueName\":\"search_term_string\"}}],\"inLanguage\":\"en-US\"}]}<\/script>\n<!-- \/ Yoast SEO plugin. -->","yoast_head_json":{"title":"Partnerships, Cooperation - JKBOZ","robots":{"index":"index","follow":"follow","max-snippet":"max-snippet:-1","max-image-preview":"max-image-preview:large","max-video-preview":"max-video-preview:-1"},"canonical":"https:\/\/jkboz.sk\/en\/partnerships-cooperation\/","og_locale":"en_US","og_type":"article","og_title":"Partnerships, Cooperation - JKBOZ","og_description":"Personal protective equipment for work Fire-technical equipment Electric fire alarm and Voice fire alarm","og_url":"https:\/\/jkboz.sk\/en\/partnerships-cooperation\/","og_site_name":"JKBOZ","article_modified_time":"2023-05-29T11:41:58+00:00","og_image":[{"width":1193,"height":1127,"url":"https:\/\/jkboz.sk\/wp-content\/uploads\/2023\/05\/KUBLER_GASTON_MILLE_LOGO-2.png","type":"image\/png"}],"twitter_card":"summary_large_image","schema":{"@context":"https:\/\/schema.org","@graph":[{"@type":"WebPage","@id":"https:\/\/jkboz.sk\/en\/partnerships-cooperation\/","url":"https:\/\/jkboz.sk\/en\/partnerships-cooperation\/","name":"Partnerships, Cooperation - JKBOZ","isPartOf":{"@id":"https:\/\/jkboz.sk\/en\/#website"},"primaryImageOfPage":{"@id":"https:\/\/jkboz.sk\/en\/partnerships-cooperation\/#primaryimage"},"image":{"@id":"https:\/\/jkboz.sk\/en\/partnerships-cooperation\/#primaryimage"},"thumbnailUrl":"http:\/\/jkboz.sk\/wp-content\/uploads\/2023\/05\/KUBLER_GASTON_MILLE_LOGO-2-1024x967.png","datePublished":"2023-04-13T13:46:27+00:00","dateModified":"2023-05-29T11:41:58+00:00","breadcrumb":{"@id":"https:\/\/jkboz.sk\/en\/partnerships-cooperation\/#breadcrumb"},"inLanguage":"en-US","potentialAction":[{"@type":"ReadAction","target":["https:\/\/jkboz.sk\/en\/partnerships-cooperation\/"]}]},{"@type":"ImageObject","inLanguage":"en-US","@id":"https:\/\/jkboz.sk\/en\/partnerships-cooperation\/#primaryimage","url":"http:\/\/jkboz.sk\/wp-content\/uploads\/2023\/05\/KUBLER_GASTON_MILLE_LOGO-2-1024x967.png","contentUrl":"http:\/\/jkboz.sk\/wp-content\/uploads\/2023\/05\/KUBLER_GASTON_MILLE_LOGO-2-1024x967.png"},{"@type":"BreadcrumbList","@id":"https:\/\/jkboz.sk\/en\/partnerships-cooperation\/#breadcrumb","itemListElement":[{"@type":"ListItem","position":1,"name":"Domovsk\u00e1 str\u00e1nka","item":"https:\/\/jkboz.sk\/en\/"},{"@type":"ListItem","position":2,"name":"Partnerships, Cooperation"}]},{"@type":"WebSite","@id":"https:\/\/jkboz.sk\/en\/#website","url":"https:\/\/jkboz.sk\/en\/","name":"JKBOZ","description":"Rob\u00edme v\u0161etko pre Va\u0161u bezpe\u010dnos\u0165","potentialAction":[{"@type":"SearchAction","target":{"@type":"EntryPoint","urlTemplate":"https:\/\/jkboz.sk\/en\/?s={search_term_string}"},"query-input":{"@type":"PropertyValueSpecification","valueRequired":true,"valueName":"search_term_string"}}],"inLanguage":"en-US"}]}},"_links":{"self":[{"href":"https:\/\/jkboz.sk\/en\/wp-json\/wp\/v2\/pages\/536","targetHints":{"allow":["GET"]}}],"collection":[{"href":"https:\/\/jkboz.sk\/en\/wp-json\/wp\/v2\/pages"}],"about":[{"href":"https:\/\/jkboz.sk\/en\/wp-json\/wp\/v2\/types\/page"}],"author":[{"embeddable":true,"href":"https:\/\/jkboz.sk\/en\/wp-json\/wp\/v2\/users\/1"}],"replies":[{"embeddable":true,"href":"https:\/\/jkboz.sk\/en\/wp-json\/wp\/v2\/comments?post=536"}],"version-history":[{"count":4,"href":"https:\/\/jkboz.sk\/en\/wp-json\/wp\/v2\/pages\/536\/revisions"}],"predecessor-version":[{"id":899,"href":"https:\/\/jkboz.sk\/en\/wp-json\/wp\/v2\/pages\/536\/revisions\/899"}],"wp:attachment":[{"href":"https:\/\/jkboz.sk\/en\/wp-json\/wp\/v2\/media?parent=536"}],"curies":[{"name":"wp","href":"https:\/\/api.w.org\/{rel}","templated":true}]}}